{"id":2,"date":"2025-07-07T15:09:10","date_gmt":"2025-07-07T13:09:10","guid":{"rendered":"https:\/\/datahall.pl\/?page_id=2"},"modified":"2025-12-16T19:03:11","modified_gmt":"2025-12-16T18:03:11","slug":"przykladowa-strona","status":"publish","type":"page","link":"https:\/\/datahall.pl\/","title":{"rendered":"Innowacyjne narz\u0119dzie do optymalizacji &#8211; Datahall"},"content":{"rendered":"<p>Innovative tools for the optimization and<br \/>\nautomation of warehouse and<br \/>\nmagazynowych i e-commerce Datahall to firma technologiczna specjalizuj\u0105ca si\u0119 w tworzeniu nowoczesnych narz\u0119dzi do automatyzacji proces\u00f3w biznesowych, e-commerce oraz operacji magazynowych. Projektujemy i wdra\u017camy rozwi\u0105zania zwi\u0119kszaj\u0105ce efektywno\u015b\u0107, redukuj\u0105ce koszty operacyjne i wspieraj\u0105ce skalowanie biznesu. Wykorzystujemy zaawansowane technologie, takie jak sztuczna inteligencja (AI), machine learning (ML), infrastruktura IoT oraz Edge Computing, aby dostarcza\u0107 realn\u0105 warto\u015b\u0107 operacyjn\u0105. Nasze systemy integruj\u0105 si\u0119 z istniej\u0105c\u0105 infrastruktur\u0105 IT i s\u0105 projektowane z my\u015bl\u0105 o niezawodno\u015bci oraz bezpiecze\u0144stwie. Tworzymy r\u00f3wnie\u017c oprogramowanie na zam\u00f3wienie \u2013 szyte na miar\u0119, w pe\u0142ni dopasowane do potrzeb i proces\u00f3w klienta. Dowiedz si\u0119 wi\u0119cej Zesp\u00f3\u0142 z\u0142o\u017cony z najlepszych specjalist\u00f3w Nasza kadra to wykwalifikowany zesp\u00f3\u0142 z\u0142o\u017cony z do\u015bwiadczonych specjalist\u00f3w w dziedzinie handlu, zakup\u00f3w, ekonomii i IT. Dzi\u0119ki po\u0142\u0105czeniu tych wielu do\u015bwiadcze\u0144 oraz unikalnych kompetencji uda\u0142o nam si\u0119 stworzy\u0107 innowacyjny produkt. Wyj\u0105tkowe korzy\u015bci Nasze narz\u0119dzia to warto\u015b\u0107 dodana dla Twojej firmy. DECISMUS &#8211; narz\u0119dzie do optymalizacji decyzji zakupowych, Perform &#8211; narz\u0119dzie wykorzystuj\u0105ce hybrydowe algorytmy ML do optymalizacji proces\u00f3w magazynowych oraz AntM jako mobilny system do obs\u0142ugi WMS na Androida. <\/p>\n<p>Contact US<br \/>\ninfo@datahall.pl<\/p>\n<p> O nas Technologia, pasja, rozw\u00f3j. Nasz zesp\u00f3\u0142 tworz\u0105 specjali\u015bci w dziedzinie informatyki, handlu, e-commerce oraz projekt\u00f3w B+R. Istniejemy od 2020 roku i od tego czasu realizujemy projekty zwi\u0105zane z rozwojem inteligentnych narz\u0119dzi do optymalizacji pracy handlu, e-commerce i magazyn\u00f3w. Pomys\u0142 na narz\u0119dzie DECISMUS zrodzi\u0142 si\u0119 z do\u015bwiadcze\u0144 naszego zespo\u0142u. Ka\u017cdy z jego cz\u0142onk\u00f3w zmaga\u0142 si\u0119 z brakiem odpowiedniego programu, kt\u00f3ry w nale\u017cyty spos\u00f3b pom\u00f3g\u0142by mu na jego odcinku pracy. Nasi fachowcy pracowali w firmach handlowych jako zakupowcy, analitycy, programi\u015bci czy handlowcy. Codzienna praca z wieloma narz\u0119dziami, konieczno\u015b\u0107 przesy\u0142ania i przenoszenia danych z jednego programu do drugiego, wielogodzinne analizy ofert, tabel i serwis\u00f3w pokroju Ceneo zrodzi\u0142y pomys\u0142, kt\u00f3rym chcemy dzieli\u0107 si\u0119 z innymi. Kolejne narz\u0119dzia by\u0142y wynikiem realizacji innowacyjnych projekt\u00f3w. Jeste\u015bmy dumni z naszych osi\u0105gni\u0119\u0107.  UE DATAHALL Sp. z o.o. realizuje projekty wsparte funduszami Unijnymi. Projekt &#8222;AntM &#8211; aplikacja na Androida do automatyzacji obs\u0142ugi czynno\u015bci magazynowych&#8221; jest wsp\u00f3\u0142finansowany ze \u015brodk\u00f3w Unii Europejskiej w ramach programu Fundusze Europejskie dla Nowoczesnej Gospodarki 2021-2027, Priorytet FENG.02 \u015arodowisko sprzyjaj\u0105ce innowacjom, Dzia\u0142anie FENG.02.28 Startup Booster Poland &#8211; Smart UP. Celem projektu jest rozwini\u0119cie i dopasowanie aplikacji na Androida do obs\u0142ugi i automatyzacji czynno\u015bci magazynowej, do wymog\u00f3w prawnych i technologicznych rynku USA oraz przeprowadzenie misji gospodarczej na terenie USA. Ca\u0142kowita warto\u015b\u0107 projektu: 425 580,00 z\u0142 Dofinansowanie projektu z UE: 346 000,00 z\u0142 #FunduszeEuropejskie #FunduszeEU &#8212;&#8212;&#8212;&#8212;&#8212;&#8212;&#8212;&#8212;&#8212;&#8212;&#8212;&#8212;&#8212;&#8212;-<\/p>\n<p>1.1.2 Development of startups in Eastern Poland, POPW.01.01.02-06-0080\/21,\n\u201cCreation and implementation of the DECISMUS tool for optimizing and automating the goods ordering process for companies.\u201d\n\nThe aim of this project is to develop and implement the DECISMUS software. The result of the project will be the introduction of the DECISMUS product to the market and, consequently, the expansion of the company\u2019s operations. DECISMUS, designed for the Windows operating system, uses artificial intelligence to analyze large datasets such as market data, local warehouse databases (connected to the user\u2019s server), payment terms, exchange rates, budgets, and more, in order to present the most optimal and cost-effective product ordering model.\n\nThe primary sales market for the company\u2019s product is Poland; however, the Applicant plans to enter foreign markets in the future. The product is designed and developed in a way that makes it universal and adaptable to all markets. The implementation of the project will contribute to an increase in employment in the region, estimated at 3 FTEs during the project\u2019s duration and 4 FTEs during the sustainability period.\n\nEU funding: PLN 955,060.00\nTotal project value: PLN 1,271,260.00\nEligible expenditure value: PLN 1,123,600.00<br \/>\n &#8212;&#8212;&#8212;&#8212;&#8212;&#8212;&#8212;&#8212;&#8212;&#8212;&#8212;&#8212;&#8212;&#8212;- <\/p>\n<p>Action 1.3: R&amp;D activities financed with the participation of capital funds\nSub-action 1.3.1: Support for research and development projects in the pre-seed phase by proof-of-concept funds \u2013 BRIdge Alfa.\n\n\u201cPerform \u2013 a tool for optimizing warehouse processes.\u201d <\/p>","protected":false},"excerpt":{"rendered":"<p>Innowacyjne narz\u0119dzia do optymalizacji i automatyzacji proces\u00f3w magazynowych i e-commerce Datahall to firma technologiczna specjalizuj\u0105ca si\u0119 w tworzeniu nowoczesnych narz\u0119dzi do automatyzacji proces\u00f3w biznesowych, e-commerce oraz operacji magazynowych. Projektujemy i wdra\u017camy rozwi\u0105zania zwi\u0119kszaj\u0105ce efektywno\u015b\u0107, redukuj\u0105ce koszty operacyjne i wspieraj\u0105ce skalowanie biznesu. Wykorzystujemy zaawansowane technologie, takie jak sztuczna inteligencja (AI), machine learning (ML), infrastruktura IoT oraz [&hellip;]<\/p>","protected":false},"author":1,"featured_media":0,"parent":0,"menu_order":0,"comment_status":"closed","ping_status":"open","template":"","meta":{"_uag_custom_page_level_css":""},"class_list":["post-2","page","type-page","status-publish","hentry"],"yoast_head":"<!-- This site is optimized with the Yoast SEO plugin v26.5 - https:\/\/yoast.com\/wordpress\/plugins\/seo\/ -->\n<title>Innowacyjne narz\u0119dzie do optymalizacji - Datahall - Datahall<\/title>\n<meta name=\"robots\" content=\"index, follow, max-snippet:-1, max-image-preview:large, max-video-preview:-1\" \/>\n<link rel=\"canonical\" href=\"https:\/\/datahall.pl\/us\/\" \/>\n<meta property=\"og:locale\" content=\"en_US\" \/>\n<meta property=\"og:type\" content=\"article\" \/>\n<meta property=\"og:title\" content=\"Innowacyjne narz\u0119dzie do optymalizacji - Datahall - Datahall\" \/>\n<meta property=\"og:description\" content=\"Innowacyjne narz\u0119dzia do optymalizacji i automatyzacji proces\u00f3w magazynowych i e-commerce Datahall to firma technologiczna specjalizuj\u0105ca si\u0119 w tworzeniu nowoczesnych narz\u0119dzi do automatyzacji proces\u00f3w biznesowych, e-commerce oraz operacji magazynowych. Projektujemy i wdra\u017camy rozwi\u0105zania zwi\u0119kszaj\u0105ce efektywno\u015b\u0107, redukuj\u0105ce koszty operacyjne i wspieraj\u0105ce skalowanie biznesu. Wykorzystujemy zaawansowane technologie, takie jak sztuczna inteligencja (AI), machine learning (ML), infrastruktura IoT oraz [&hellip;]\" \/>\n<meta property=\"og:url\" content=\"https:\/\/datahall.pl\/us\/\" \/>\n<meta property=\"og:site_name\" content=\"Datahall\" \/>\n<meta property=\"article:modified_time\" content=\"2025-12-16T18:03:11+00:00\" \/>\n<meta name=\"twitter:card\" content=\"summary_large_image\" \/>\n<script type=\"application\/ld+json\" class=\"yoast-schema-graph\">{\"@context\":\"https:\/\/schema.org\",\"@graph\":[{\"@type\":\"WebPage\",\"@id\":\"https:\/\/datahall.pl\/\",\"url\":\"https:\/\/datahall.pl\/\",\"name\":\"Innowacyjne narz\u0119dzie do optymalizacji - Datahall - Datahall\",\"isPartOf\":{\"@id\":\"https:\/\/datahall.pl\/us\/#website\"},\"datePublished\":\"2025-07-07T13:09:10+00:00\",\"dateModified\":\"2025-12-16T18:03:11+00:00\",\"breadcrumb\":{\"@id\":\"https:\/\/datahall.pl\/#breadcrumb\"},\"inLanguage\":\"en-US\",\"potentialAction\":[{\"@type\":\"ReadAction\",\"target\":[\"https:\/\/datahall.pl\/\"]}]},{\"@type\":\"BreadcrumbList\",\"@id\":\"https:\/\/datahall.pl\/#breadcrumb\",\"itemListElement\":[{\"@type\":\"ListItem\",\"position\":1,\"name\":\"Strona g\u0142\u00f3wna\",\"item\":\"https:\/\/datahall.pl\/\"},{\"@type\":\"ListItem\",\"position\":2,\"name\":\"Strona g\u0142\u00f3wna\"}]},{\"@type\":\"WebSite\",\"@id\":\"https:\/\/datahall.pl\/us\/#website\",\"url\":\"https:\/\/datahall.pl\/us\/\",\"name\":\"Datahall\",\"description\":\"\",\"publisher\":{\"@id\":\"https:\/\/datahall.pl\/us\/#organization\"},\"potentialAction\":[{\"@type\":\"SearchAction\",\"target\":{\"@type\":\"EntryPoint\",\"urlTemplate\":\"https:\/\/datahall.pl\/us\/?s={search_term_string}\"},\"query-input\":{\"@type\":\"PropertyValueSpecification\",\"valueRequired\":true,\"valueName\":\"search_term_string\"}}],\"inLanguage\":\"en-US\"},{\"@type\":\"Organization\",\"@id\":\"https:\/\/datahall.pl\/us\/#organization\",\"name\":\"Datahall\",\"url\":\"https:\/\/datahall.pl\/us\/\",\"logo\":{\"@type\":\"ImageObject\",\"inLanguage\":\"en-US\",\"@id\":\"https:\/\/datahall.pl\/us\/#\/schema\/logo\/image\/\",\"url\":\"https:\/\/datahall.pl\/wp-content\/uploads\/2025\/07\/Group-12.png\",\"contentUrl\":\"https:\/\/datahall.pl\/wp-content\/uploads\/2025\/07\/Group-12.png\",\"width\":213,\"height\":53,\"caption\":\"Datahall\"},\"image\":{\"@id\":\"https:\/\/datahall.pl\/us\/#\/schema\/logo\/image\/\"}}]}<\/script>\n<!-- \/ Yoast SEO plugin. -->","yoast_head_json":{"title":"Innowacyjne narz\u0119dzie do optymalizacji - Datahall - Datahall","robots":{"index":"index","follow":"follow","max-snippet":"max-snippet:-1","max-image-preview":"max-image-preview:large","max-video-preview":"max-video-preview:-1"},"canonical":"https:\/\/datahall.pl\/us\/","og_locale":"en_US","og_type":"article","og_title":"Innowacyjne narz\u0119dzie do optymalizacji - Datahall - Datahall","og_description":"Innowacyjne narz\u0119dzia do optymalizacji i automatyzacji proces\u00f3w magazynowych i e-commerce Datahall to firma technologiczna specjalizuj\u0105ca si\u0119 w tworzeniu nowoczesnych narz\u0119dzi do automatyzacji proces\u00f3w biznesowych, e-commerce oraz operacji magazynowych. Projektujemy i wdra\u017camy rozwi\u0105zania zwi\u0119kszaj\u0105ce efektywno\u015b\u0107, redukuj\u0105ce koszty operacyjne i wspieraj\u0105ce skalowanie biznesu. Wykorzystujemy zaawansowane technologie, takie jak sztuczna inteligencja (AI), machine learning (ML), infrastruktura IoT oraz [&hellip;]","og_url":"https:\/\/datahall.pl\/us\/","og_site_name":"Datahall","article_modified_time":"2025-12-16T18:03:11+00:00","twitter_card":"summary_large_image","schema":{"@context":"https:\/\/schema.org","@graph":[{"@type":"WebPage","@id":"https:\/\/datahall.pl\/","url":"https:\/\/datahall.pl\/","name":"Innowacyjne narz\u0119dzie do optymalizacji - Datahall - Datahall","isPartOf":{"@id":"https:\/\/datahall.pl\/us\/#website"},"datePublished":"2025-07-07T13:09:10+00:00","dateModified":"2025-12-16T18:03:11+00:00","breadcrumb":{"@id":"https:\/\/datahall.pl\/#breadcrumb"},"inLanguage":"en-US","potentialAction":[{"@type":"ReadAction","target":["https:\/\/datahall.pl\/"]}]},{"@type":"BreadcrumbList","@id":"https:\/\/datahall.pl\/#breadcrumb","itemListElement":[{"@type":"ListItem","position":1,"name":"Strona g\u0142\u00f3wna","item":"https:\/\/datahall.pl\/"},{"@type":"ListItem","position":2,"name":"Strona g\u0142\u00f3wna"}]},{"@type":"WebSite","@id":"https:\/\/datahall.pl\/us\/#website","url":"https:\/\/datahall.pl\/us\/","name":"Datahall","description":"","publisher":{"@id":"https:\/\/datahall.pl\/us\/#organization"},"potentialAction":[{"@type":"SearchAction","target":{"@type":"EntryPoint","urlTemplate":"https:\/\/datahall.pl\/us\/?s={search_term_string}"},"query-input":{"@type":"PropertyValueSpecification","valueRequired":true,"valueName":"search_term_string"}}],"inLanguage":"en-US"},{"@type":"Organization","@id":"https:\/\/datahall.pl\/us\/#organization","name":"Datahall","url":"https:\/\/datahall.pl\/us\/","logo":{"@type":"ImageObject","inLanguage":"en-US","@id":"https:\/\/datahall.pl\/us\/#\/schema\/logo\/image\/","url":"https:\/\/datahall.pl\/wp-content\/uploads\/2025\/07\/Group-12.png","contentUrl":"https:\/\/datahall.pl\/wp-content\/uploads\/2025\/07\/Group-12.png","width":213,"height":53,"caption":"Datahall"},"image":{"@id":"https:\/\/datahall.pl\/us\/#\/schema\/logo\/image\/"}}]}},"uagb_featured_image_src":{"full":false,"thumbnail":false,"medium":false,"medium_large":false,"large":false,"1536x1536":false,"2048x2048":false,"trp-custom-language-flag":false},"uagb_author_info":{"display_name":"admin","author_link":"https:\/\/datahall.pl\/us\/author\/admin\/"},"uagb_comment_info":0,"uagb_excerpt":"Innowacyjne narz\u0119dzia do optymalizacji i automatyzacji proces\u00f3w magazynowych i e-commerce Datahall to firma technologiczna specjalizuj\u0105ca si\u0119 w tworzeniu nowoczesnych narz\u0119dzi do automatyzacji proces\u00f3w biznesowych, e-commerce oraz operacji magazynowych. Projektujemy i wdra\u017camy rozwi\u0105zania zwi\u0119kszaj\u0105ce efektywno\u015b\u0107, redukuj\u0105ce koszty operacyjne i wspieraj\u0105ce skalowanie biznesu. Wykorzystujemy zaawansowane technologie, takie jak sztuczna inteligencja (AI), machine learning (ML), infrastruktura IoT oraz&hellip;","_links":{"self":[{"href":"https:\/\/datahall.pl\/us\/wp-json\/wp\/v2\/pages\/2","targetHints":{"allow":["GET"]}}],"collection":[{"href":"https:\/\/datahall.pl\/us\/wp-json\/wp\/v2\/pages"}],"about":[{"href":"https:\/\/datahall.pl\/us\/wp-json\/wp\/v2\/types\/page"}],"author":[{"embeddable":true,"href":"https:\/\/datahall.pl\/us\/wp-json\/wp\/v2\/users\/1"}],"replies":[{"embeddable":true,"href":"https:\/\/datahall.pl\/us\/wp-json\/wp\/v2\/comments?post=2"}],"version-history":[{"count":17,"href":"https:\/\/datahall.pl\/us\/wp-json\/wp\/v2\/pages\/2\/revisions"}],"predecessor-version":[{"id":58,"href":"https:\/\/datahall.pl\/us\/wp-json\/wp\/v2\/pages\/2\/revisions\/58"}],"wp:attachment":[{"href":"https:\/\/datahall.pl\/us\/wp-json\/wp\/v2\/media?parent=2"}],"curies":[{"name":"wp","href":"https:\/\/api.w.org\/{rel}","templated":true}]}}